{"id":729,"date":"2025-04-21T20:13:35","date_gmt":"2025-04-21T20:13:35","guid":{"rendered":"https:\/\/linstowartaward.lv\/application-form\/"},"modified":"2026-04-12T09:43:26","modified_gmt":"2026-04-12T09:43:26","slug":"application-form","status":"publish","type":"page","link":"https:\/\/linstowartaward.lv\/lv\/application-form\/","title":{"rendered":"Pieteikties"},"content":{"rendered":"","protected":false},"excerpt":{"rendered":"","protected":false},"author":1,"featured_media":0,"parent":0,"menu_order":0,"comment_status":"closed","ping_status":"closed","template":"builder.php","meta":[],"class_list":["post-729","page","type-page","status-publish","hentry"],"acf":[],"yoast_head":"<!-- This site is optimized with the Yoast SEO plugin v25.0 - https:\/\/yoast.com\/wordpress\/plugins\/seo\/ -->\n<title>Pieteikumu iesnieg\u0161ana | Linstow Art Award<\/title>\n<meta name=\"description\" content=\"Iesniedziet savu m\u0101kslas darbu Linstow Art Award \u2013 par\u0101diet savu rado\u0161umu, izaugsmi un talantu pla\u0161\u0101kai auditorijai, lai spertu n\u0101kamo soli sav\u0101 profesion\u0101laj\u0101 m\u0101kslinieka ce\u013c\u0101.\" \/>\n<meta name=\"robots\" content=\"noindex, nofollow\" \/>\n<meta property=\"og:locale\" content=\"lv_LV\" \/>\n<meta property=\"og:type\" content=\"article\" \/>\n<meta property=\"og:title\" content=\"Pieteikumu iesnieg\u0161ana | Linstow Art Award\" \/>\n<meta property=\"og:description\" content=\"Iesniedziet savu m\u0101kslas darbu Linstow Art Award \u2013 par\u0101diet savu rado\u0161umu, izaugsmi un talantu pla\u0161\u0101kai auditorijai, lai spertu n\u0101kamo soli sav\u0101 profesion\u0101laj\u0101 m\u0101kslinieka ce\u013c\u0101.\" \/>\n<meta property=\"og:url\" content=\"https:\/\/linstowartaward.lv\/lv\/application-form\/\" \/>\n<meta property=\"og:site_name\" content=\"Linstow Art Award\" \/>\n<meta property=\"article:modified_time\" content=\"2026-04-12T09:43:26+00:00\" \/>\n<meta property=\"og:image\" content=\"https:\/\/linstowartaward.lv\/wp-content\/uploads\/2025\/04\/linstow-art-award-featured-comp.jpg\" \/>\n\t<meta property=\"og:image:width\" content=\"2400\" \/>\n\t<meta property=\"og:image:height\" content=\"1350\" \/>\n\t<meta property=\"og:image:type\" content=\"image\/jpeg\" \/>\n<meta name=\"twitter:card\" content=\"summary_large_image\" \/>\n<script type=\"application\/ld+json\" class=\"yoast-schema-graph\">{\"@context\":\"https:\/\/schema.org\",\"@graph\":[{\"@type\":\"WebPage\",\"@id\":\"https:\/\/linstowartaward.lv\/lv\/application-form\/\",\"url\":\"https:\/\/linstowartaward.lv\/lv\/application-form\/\",\"name\":\"Pieteikumu iesnieg\u0161ana | Linstow Art Award\",\"isPartOf\":{\"@id\":\"https:\/\/www.linstowartaward.lv\/#website\"},\"datePublished\":\"2025-04-21T20:13:35+00:00\",\"dateModified\":\"2026-04-12T09:43:26+00:00\",\"description\":\"Iesniedziet savu m\u0101kslas darbu Linstow Art Award \u2013 par\u0101diet savu rado\u0161umu, izaugsmi un talantu pla\u0161\u0101kai auditorijai, lai spertu n\u0101kamo soli sav\u0101 profesion\u0101laj\u0101 m\u0101kslinieka ce\u013c\u0101.\",\"breadcrumb\":{\"@id\":\"https:\/\/linstowartaward.lv\/lv\/application-form\/#breadcrumb\"},\"inLanguage\":\"lv-LV\",\"potentialAction\":[{\"@type\":\"ReadAction\",\"target\":[\"https:\/\/linstowartaward.lv\/lv\/application-form\/\"]}]},{\"@type\":\"BreadcrumbList\",\"@id\":\"https:\/\/linstowartaward.lv\/lv\/application-form\/#breadcrumb\",\"itemListElement\":[{\"@type\":\"ListItem\",\"position\":1,\"name\":\"Home\",\"item\":\"https:\/\/linstowartaward.lv\/lv\/\"},{\"@type\":\"ListItem\",\"position\":2,\"name\":\"Pieteikties\"}]},{\"@type\":\"WebSite\",\"@id\":\"https:\/\/www.linstowartaward.lv\/#website\",\"url\":\"https:\/\/www.linstowartaward.lv\/\",\"name\":\"Linstow Art Award\",\"description\":\"Empowering young artists\",\"publisher\":{\"@id\":\"https:\/\/www.linstowartaward.lv\/#organization\"},\"potentialAction\":[{\"@type\":\"SearchAction\",\"target\":{\"@type\":\"EntryPoint\",\"urlTemplate\":\"https:\/\/www.linstowartaward.lv\/?s={search_term_string}\"},\"query-input\":{\"@type\":\"PropertyValueSpecification\",\"valueRequired\":true,\"valueName\":\"search_term_string\"}}],\"inLanguage\":\"lv-LV\"},{\"@type\":\"Organization\",\"@id\":\"https:\/\/www.linstowartaward.lv\/#organization\",\"name\":\"Linstow Art Award\",\"url\":\"https:\/\/www.linstowartaward.lv\/\",\"logo\":{\"@type\":\"ImageObject\",\"inLanguage\":\"lv-LV\",\"@id\":\"https:\/\/www.linstowartaward.lv\/#\/schema\/logo\/image\/\",\"url\":\"https:\/\/linstowartaward.lv\/wp-content\/uploads\/2025\/03\/logo-linstow.svg\",\"contentUrl\":\"https:\/\/linstowartaward.lv\/wp-content\/uploads\/2025\/03\/logo-linstow.svg\",\"width\":1,\"height\":1,\"caption\":\"Linstow Art Award\"},\"image\":{\"@id\":\"https:\/\/www.linstowartaward.lv\/#\/schema\/logo\/image\/\"}}]}<\/script>\n<!-- \/ Yoast SEO plugin. -->","yoast_head_json":{"title":"Pieteikumu iesnieg\u0161ana | Linstow Art Award","description":"Iesniedziet savu m\u0101kslas darbu Linstow Art Award \u2013 par\u0101diet savu rado\u0161umu, izaugsmi un talantu pla\u0161\u0101kai auditorijai, lai spertu n\u0101kamo soli sav\u0101 profesion\u0101laj\u0101 m\u0101kslinieka ce\u013c\u0101.","robots":{"index":"noindex","follow":"nofollow"},"og_locale":"lv_LV","og_type":"article","og_title":"Pieteikumu iesnieg\u0161ana | Linstow Art Award","og_description":"Iesniedziet savu m\u0101kslas darbu Linstow Art Award \u2013 par\u0101diet savu rado\u0161umu, izaugsmi un talantu pla\u0161\u0101kai auditorijai, lai spertu n\u0101kamo soli sav\u0101 profesion\u0101laj\u0101 m\u0101kslinieka ce\u013c\u0101.","og_url":"https:\/\/linstowartaward.lv\/lv\/application-form\/","og_site_name":"Linstow Art Award","article_modified_time":"2026-04-12T09:43:26+00:00","og_image":[{"width":2400,"height":1350,"url":"https:\/\/linstowartaward.lv\/wp-content\/uploads\/2025\/04\/linstow-art-award-featured-comp.jpg","type":"image\/jpeg"}],"twitter_card":"summary_large_image","schema":{"@context":"https:\/\/schema.org","@graph":[{"@type":"WebPage","@id":"https:\/\/linstowartaward.lv\/lv\/application-form\/","url":"https:\/\/linstowartaward.lv\/lv\/application-form\/","name":"Pieteikumu iesnieg\u0161ana | Linstow Art Award","isPartOf":{"@id":"https:\/\/www.linstowartaward.lv\/#website"},"datePublished":"2025-04-21T20:13:35+00:00","dateModified":"2026-04-12T09:43:26+00:00","description":"Iesniedziet savu m\u0101kslas darbu Linstow Art Award \u2013 par\u0101diet savu rado\u0161umu, izaugsmi un talantu pla\u0161\u0101kai auditorijai, lai spertu n\u0101kamo soli sav\u0101 profesion\u0101laj\u0101 m\u0101kslinieka ce\u013c\u0101.","breadcrumb":{"@id":"https:\/\/linstowartaward.lv\/lv\/application-form\/#breadcrumb"},"inLanguage":"lv-LV","potentialAction":[{"@type":"ReadAction","target":["https:\/\/linstowartaward.lv\/lv\/application-form\/"]}]},{"@type":"BreadcrumbList","@id":"https:\/\/linstowartaward.lv\/lv\/application-form\/#breadcrumb","itemListElement":[{"@type":"ListItem","position":1,"name":"Home","item":"https:\/\/linstowartaward.lv\/lv\/"},{"@type":"ListItem","position":2,"name":"Pieteikties"}]},{"@type":"WebSite","@id":"https:\/\/www.linstowartaward.lv\/#website","url":"https:\/\/www.linstowartaward.lv\/","name":"Linstow Art Award","description":"Empowering young artists","publisher":{"@id":"https:\/\/www.linstowartaward.lv\/#organization"},"potentialAction":[{"@type":"SearchAction","target":{"@type":"EntryPoint","urlTemplate":"https:\/\/www.linstowartaward.lv\/?s={search_term_string}"},"query-input":{"@type":"PropertyValueSpecification","valueRequired":true,"valueName":"search_term_string"}}],"inLanguage":"lv-LV"},{"@type":"Organization","@id":"https:\/\/www.linstowartaward.lv\/#organization","name":"Linstow Art Award","url":"https:\/\/www.linstowartaward.lv\/","logo":{"@type":"ImageObject","inLanguage":"lv-LV","@id":"https:\/\/www.linstowartaward.lv\/#\/schema\/logo\/image\/","url":"https:\/\/linstowartaward.lv\/wp-content\/uploads\/2025\/03\/logo-linstow.svg","contentUrl":"https:\/\/linstowartaward.lv\/wp-content\/uploads\/2025\/03\/logo-linstow.svg","width":1,"height":1,"caption":"Linstow Art Award"},"image":{"@id":"https:\/\/www.linstowartaward.lv\/#\/schema\/logo\/image\/"}}]}},"_links":{"self":[{"href":"https:\/\/linstowartaward.lv\/lv\/wp-json\/wp\/v2\/pages\/729","targetHints":{"allow":["GET"]}}],"collection":[{"href":"https:\/\/linstowartaward.lv\/lv\/wp-json\/wp\/v2\/pages"}],"about":[{"href":"https:\/\/linstowartaward.lv\/lv\/wp-json\/wp\/v2\/types\/page"}],"author":[{"embeddable":true,"href":"https:\/\/linstowartaward.lv\/lv\/wp-json\/wp\/v2\/users\/1"}],"replies":[{"embeddable":true,"href":"https:\/\/linstowartaward.lv\/lv\/wp-json\/wp\/v2\/comments?post=729"}],"version-history":[{"count":9,"href":"https:\/\/linstowartaward.lv\/lv\/wp-json\/wp\/v2\/pages\/729\/revisions"}],"predecessor-version":[{"id":2527,"href":"https:\/\/linstowartaward.lv\/lv\/wp-json\/wp\/v2\/pages\/729\/revisions\/2527"}],"wp:attachment":[{"href":"https:\/\/linstowartaward.lv\/lv\/wp-json\/wp\/v2\/media?parent=729"}],"curies":[{"name":"wp","href":"https:\/\/api.w.org\/{rel}","templated":true}]}}