{"id":732,"date":"2025-04-22T01:41:49","date_gmt":"2025-04-22T01:41:49","guid":{"rendered":"https:\/\/linstowartaward.lv\/jury-access\/"},"modified":"2025-05-04T23:57:47","modified_gmt":"2025-05-04T23:57:47","slug":"jury-access","status":"publish","type":"page","link":"https:\/\/linstowartaward.lv\/lv\/jury-access\/","title":{"rendered":"\u017d\u016brijas piek\u013cuve"},"content":{"rendered":"","protected":false},"excerpt":{"rendered":"","protected":false},"author":1,"featured_media":0,"parent":0,"menu_order":0,"comment_status":"closed","ping_status":"closed","template":"builder.php","meta":[],"class_list":["post-732","page","type-page","status-publish","hentry"],"acf":[],"yoast_head":"<!-- This site is optimized with the Yoast SEO plugin v27.4 - https:\/\/yoast.com\/product\/yoast-seo-wordpress\/ -->\n<title>\u017d\u016brijas piek\u013cuve | Linstow Art Award<\/title>\n<meta name=\"robots\" content=\"noindex, nofollow\" \/>\n<meta property=\"og:locale\" content=\"lv_LV\" \/>\n<meta property=\"og:type\" content=\"article\" \/>\n<meta property=\"og:title\" content=\"\u017d\u016brijas piek\u013cuve | Linstow Art Award\" \/>\n<meta property=\"og:url\" content=\"https:\/\/linstowartaward.lv\/lv\/jury-access\/\" \/>\n<meta property=\"og:site_name\" content=\"Linstow Art Award\" \/>\n<meta property=\"article:modified_time\" content=\"2025-05-04T23:57:47+00:00\" \/>\n<meta property=\"og:image\" content=\"https:\/\/linstowartaward.lv\/wp-content\/uploads\/2025\/04\/linstow-art-award-featured-comp.jpg\" \/>\n\t<meta property=\"og:image:width\" content=\"2400\" \/>\n\t<meta property=\"og:image:height\" content=\"1350\" \/>\n\t<meta property=\"og:image:type\" content=\"image\/jpeg\" \/>\n<meta name=\"twitter:card\" content=\"summary_large_image\" \/>\n<script type=\"application\/ld+json\" class=\"yoast-schema-graph\">{\"@context\":\"https:\\\/\\\/schema.org\",\"@graph\":[{\"@type\":\"WebPage\",\"@id\":\"https:\\\/\\\/linstowartaward.lv\\\/lv\\\/jury-access\\\/\",\"url\":\"https:\\\/\\\/linstowartaward.lv\\\/lv\\\/jury-access\\\/\",\"name\":\"\u017d\u016brijas piek\u013cuve | Linstow Art Award\",\"isPartOf\":{\"@id\":\"https:\\\/\\\/www.linstowartaward.lv\\\/#website\"},\"datePublished\":\"2025-04-22T01:41:49+00:00\",\"dateModified\":\"2025-05-04T23:57:47+00:00\",\"breadcrumb\":{\"@id\":\"https:\\\/\\\/linstowartaward.lv\\\/lv\\\/jury-access\\\/#breadcrumb\"},\"inLanguage\":\"lv-LV\",\"potentialAction\":[{\"@type\":\"ReadAction\",\"target\":[\"https:\\\/\\\/linstowartaward.lv\\\/lv\\\/jury-access\\\/\"]}]},{\"@type\":\"BreadcrumbList\",\"@id\":\"https:\\\/\\\/linstowartaward.lv\\\/lv\\\/jury-access\\\/#breadcrumb\",\"itemListElement\":[{\"@type\":\"ListItem\",\"position\":1,\"name\":\"Home\",\"item\":\"https:\\\/\\\/linstowartaward.lv\\\/lv\\\/\"},{\"@type\":\"ListItem\",\"position\":2,\"name\":\"\u017d\u016brijas piek\u013cuve\"}]},{\"@type\":\"WebSite\",\"@id\":\"https:\\\/\\\/www.linstowartaward.lv\\\/#website\",\"url\":\"https:\\\/\\\/www.linstowartaward.lv\\\/\",\"name\":\"Linstow Art Award\",\"description\":\"Empowering young artists\",\"publisher\":{\"@id\":\"https:\\\/\\\/www.linstowartaward.lv\\\/#organization\"},\"potentialAction\":[{\"@type\":\"SearchAction\",\"target\":{\"@type\":\"EntryPoint\",\"urlTemplate\":\"https:\\\/\\\/www.linstowartaward.lv\\\/?s={search_term_string}\"},\"query-input\":{\"@type\":\"PropertyValueSpecification\",\"valueRequired\":true,\"valueName\":\"search_term_string\"}}],\"inLanguage\":\"lv-LV\"},{\"@type\":\"Organization\",\"@id\":\"https:\\\/\\\/www.linstowartaward.lv\\\/#organization\",\"name\":\"Linstow Art Award\",\"url\":\"https:\\\/\\\/www.linstowartaward.lv\\\/\",\"logo\":{\"@type\":\"ImageObject\",\"inLanguage\":\"lv-LV\",\"@id\":\"https:\\\/\\\/www.linstowartaward.lv\\\/#\\\/schema\\\/logo\\\/image\\\/\",\"url\":\"https:\\\/\\\/linstowartaward.lv\\\/wp-content\\\/uploads\\\/2025\\\/03\\\/logo-linstow.svg\",\"contentUrl\":\"https:\\\/\\\/linstowartaward.lv\\\/wp-content\\\/uploads\\\/2025\\\/03\\\/logo-linstow.svg\",\"width\":1,\"height\":1,\"caption\":\"Linstow Art Award\"},\"image\":{\"@id\":\"https:\\\/\\\/www.linstowartaward.lv\\\/#\\\/schema\\\/logo\\\/image\\\/\"}}]}<\/script>\n<!-- \/ Yoast SEO plugin. -->","yoast_head_json":{"title":"\u017d\u016brijas piek\u013cuve | Linstow Art Award","robots":{"index":"noindex","follow":"nofollow"},"og_locale":"lv_LV","og_type":"article","og_title":"\u017d\u016brijas piek\u013cuve | Linstow Art Award","og_url":"https:\/\/linstowartaward.lv\/lv\/jury-access\/","og_site_name":"Linstow Art Award","article_modified_time":"2025-05-04T23:57:47+00:00","og_image":[{"width":2400,"height":1350,"url":"https:\/\/linstowartaward.lv\/wp-content\/uploads\/2025\/04\/linstow-art-award-featured-comp.jpg","type":"image\/jpeg"}],"twitter_card":"summary_large_image","schema":{"@context":"https:\/\/schema.org","@graph":[{"@type":"WebPage","@id":"https:\/\/linstowartaward.lv\/lv\/jury-access\/","url":"https:\/\/linstowartaward.lv\/lv\/jury-access\/","name":"\u017d\u016brijas piek\u013cuve | Linstow Art Award","isPartOf":{"@id":"https:\/\/www.linstowartaward.lv\/#website"},"datePublished":"2025-04-22T01:41:49+00:00","dateModified":"2025-05-04T23:57:47+00:00","breadcrumb":{"@id":"https:\/\/linstowartaward.lv\/lv\/jury-access\/#breadcrumb"},"inLanguage":"lv-LV","potentialAction":[{"@type":"ReadAction","target":["https:\/\/linstowartaward.lv\/lv\/jury-access\/"]}]},{"@type":"BreadcrumbList","@id":"https:\/\/linstowartaward.lv\/lv\/jury-access\/#breadcrumb","itemListElement":[{"@type":"ListItem","position":1,"name":"Home","item":"https:\/\/linstowartaward.lv\/lv\/"},{"@type":"ListItem","position":2,"name":"\u017d\u016brijas piek\u013cuve"}]},{"@type":"WebSite","@id":"https:\/\/www.linstowartaward.lv\/#website","url":"https:\/\/www.linstowartaward.lv\/","name":"Linstow Art Award","description":"Empowering young artists","publisher":{"@id":"https:\/\/www.linstowartaward.lv\/#organization"},"potentialAction":[{"@type":"SearchAction","target":{"@type":"EntryPoint","urlTemplate":"https:\/\/www.linstowartaward.lv\/?s={search_term_string}"},"query-input":{"@type":"PropertyValueSpecification","valueRequired":true,"valueName":"search_term_string"}}],"inLanguage":"lv-LV"},{"@type":"Organization","@id":"https:\/\/www.linstowartaward.lv\/#organization","name":"Linstow Art Award","url":"https:\/\/www.linstowartaward.lv\/","logo":{"@type":"ImageObject","inLanguage":"lv-LV","@id":"https:\/\/www.linstowartaward.lv\/#\/schema\/logo\/image\/","url":"https:\/\/linstowartaward.lv\/wp-content\/uploads\/2025\/03\/logo-linstow.svg","contentUrl":"https:\/\/linstowartaward.lv\/wp-content\/uploads\/2025\/03\/logo-linstow.svg","width":1,"height":1,"caption":"Linstow Art Award"},"image":{"@id":"https:\/\/www.linstowartaward.lv\/#\/schema\/logo\/image\/"}}]}},"_links":{"self":[{"href":"https:\/\/linstowartaward.lv\/lv\/wp-json\/wp\/v2\/pages\/732","targetHints":{"allow":["GET"]}}],"collection":[{"href":"https:\/\/linstowartaward.lv\/lv\/wp-json\/wp\/v2\/pages"}],"about":[{"href":"https:\/\/linstowartaward.lv\/lv\/wp-json\/wp\/v2\/types\/page"}],"author":[{"embeddable":true,"href":"https:\/\/linstowartaward.lv\/lv\/wp-json\/wp\/v2\/users\/1"}],"replies":[{"embeddable":true,"href":"https:\/\/linstowartaward.lv\/lv\/wp-json\/wp\/v2\/comments?post=732"}],"version-history":[{"count":2,"href":"https:\/\/linstowartaward.lv\/lv\/wp-json\/wp\/v2\/pages\/732\/revisions"}],"predecessor-version":[{"id":763,"href":"https:\/\/linstowartaward.lv\/lv\/wp-json\/wp\/v2\/pages\/732\/revisions\/763"}],"wp:attachment":[{"href":"https:\/\/linstowartaward.lv\/lv\/wp-json\/wp\/v2\/media?parent=732"}],"curies":[{"name":"wp","href":"https:\/\/api.w.org\/{rel}","templated":true}]}}